{"id":350,"date":"2019-09-12T10:47:45","date_gmt":"2019-09-12T10:47:45","guid":{"rendered":"http:\/\/raygymenez.com\/?page_id=350"},"modified":"2022-06-28T14:56:00","modified_gmt":"2022-06-28T14:56:00","slug":"bio","status":"publish","type":"page","link":"https:\/\/clasesbateriaenmadrid.es\/es\/bio","title":{"rendered":"Biograf\u00eda"},"content":{"rendered":"<p>Ray Gymenez<\/p>\n<p>Nac\u00ed en una familia de m\u00fasicos en la ciudad de Madrid. Empec\u00e9 mi pasi\u00f3n por la m\u00fasica a muy temprana edad. Mis padres y me t\u00edo son m\u00fasicos profesionales de flamenco y siempre he estado en contacto con la m\u00fasica desde que tengo memoria. Antes de iniciarme con la bater\u00eda tocaba instrumentos de percusi\u00f3n como las tablas indias y el caj\u00f3n flamenco.<br \/>\nEmpec\u00e9 a recibir clases de bater\u00eda a la edad de 14 a\u00f1os en el Taller de M\u00fasicos de Madrid con Antonio Cimadevila, despu\u00e9s recib\u00ed clases de diferentes profesores ente los cuales destacan Dani P\u00e9rez, Marcelo Guebl\u00f3n o Kiki Ferrer entre otros.<\/p>\n<p>En el a\u00f1o 2010 obtengo una beca para estudiar en la Escuela de M\u00fasica Creativa en Madrid donde estudio piano, armon\u00eda y producci\u00f3n musical. Estudi\u00e9 durante tres a\u00f1os hasta que me traslad\u00e9 a Barcelona, donde me un\u00ed a la banda Lenacay.<\/p>\n<p>En 2014 viajo a Nueva York donde recibo una Masterclass con Chris Coleman en la universidad Drummer Collective.<\/p>\n<p>A lo largo de estos a\u00f1os he tocado y grabado con diferentes artistas y bandas profesionales tanto en Espa\u00f1a como en Europa con bandas como: Lenacay, The Locos, Gospel Factory, Redtone, Ojos de Brujo. Tambi\u00e9n he impartido clases de bater\u00eda y caj\u00f3n flamenco a todos los niveles estilos.<\/p>\n<p>En 2016 emigro a Londres, donde formo mi propia banda de funk llamada Blow Minds con la cantante Alben, con composiciones propias hasta 2020 que regreso a Madrid.<\/p>\n<p>Actualmente resido en Madrid donde trabajo como m\u00fasico de sesi\u00f3n, compositor y profesor de bater\u00eda y caj\u00f3n flamenco.<\/p>","protected":false},"excerpt":{"rendered":"<p>Ray Gymenez I was born in Spain the capital Madrid coming from a musician family background. I started my passion for music from a very early age. My parents and<\/p>\n<p class=\"more-link\"><a href=\"https:\/\/clasesbateriaenmadrid.es\/es\/bio\" class=\"readmore\">Seguir leyendo<span class=\"screen-reader-text\">Biograf\u00eda<\/span><\/a><\/p>","protected":false},"author":1,"featured_media":0,"parent":0,"menu_order":0,"comment_status":"closed","ping_status":"closed","template":"","meta":{"_sitemap_exclude":false,"_sitemap_priority":"","_sitemap_frequency":"","_joinchat":[],"footnotes":""},"class_list":["post-350","page","type-page","status-publish","hentry"],"yoast_head":"<!-- This site is optimized with the Yoast SEO plugin v27.4 - https:\/\/yoast.com\/product\/yoast-seo-wordpress\/ -->\n<title>Bio - Ray Gymenez<\/title>\n<meta name=\"robots\" content=\"index, follow, max-snippet:-1, max-image-preview:large, max-video-preview:-1\" \/>\n<link rel=\"canonical\" href=\"https:\/\/clasesbateriaenmadrid.es\/es\/bio\/\" \/>\n<meta property=\"og:locale\" content=\"es_ES\" \/>\n<meta property=\"og:type\" content=\"article\" \/>\n<meta property=\"og:title\" content=\"Bio - Ray Gymenez\" \/>\n<meta property=\"og:description\" content=\"Ray Gymenez I was born in Spain the capital Madrid coming from a musician family background. I started my passion for music from a very early age. My parents andSeguir leyendoBio\" \/>\n<meta property=\"og:url\" content=\"https:\/\/clasesbateriaenmadrid.es\/es\/bio\/\" \/>\n<meta property=\"og:site_name\" content=\"Ray Gymenez\" \/>\n<meta property=\"article:modified_time\" content=\"2022-06-28T14:56:00+00:00\" \/>\n<meta name=\"twitter:card\" content=\"summary_large_image\" \/>\n<meta name=\"twitter:label1\" content=\"Tiempo de lectura\" \/>\n\t<meta name=\"twitter:data1\" content=\"2 minutos\" \/>\n<script type=\"application\/ld+json\" class=\"yoast-schema-graph\">{\"@context\":\"https:\\\/\\\/schema.org\",\"@graph\":[{\"@type\":\"WebPage\",\"@id\":\"https:\\\/\\\/clasesbateriaenmadrid.es\\\/bio\",\"url\":\"https:\\\/\\\/clasesbateriaenmadrid.es\\\/bio\",\"name\":\"Bio - Ray Gymenez\",\"isPartOf\":{\"@id\":\"https:\\\/\\\/clasesbateriaenmadrid.es\\\/#website\"},\"datePublished\":\"2019-09-12T10:47:45+00:00\",\"dateModified\":\"2022-06-28T14:56:00+00:00\",\"breadcrumb\":{\"@id\":\"https:\\\/\\\/clasesbateriaenmadrid.es\\\/bio#breadcrumb\"},\"inLanguage\":\"es\",\"potentialAction\":[{\"@type\":\"ReadAction\",\"target\":[\"https:\\\/\\\/clasesbateriaenmadrid.es\\\/bio\"]}]},{\"@type\":\"BreadcrumbList\",\"@id\":\"https:\\\/\\\/clasesbateriaenmadrid.es\\\/bio#breadcrumb\",\"itemListElement\":[{\"@type\":\"ListItem\",\"position\":1,\"name\":\"Portada\",\"item\":\"https:\\\/\\\/clasesbateriaenmadrid.es\\\/\"},{\"@type\":\"ListItem\",\"position\":2,\"name\":\"Bio\"}]},{\"@type\":\"WebSite\",\"@id\":\"https:\\\/\\\/clasesbateriaenmadrid.es\\\/#website\",\"url\":\"https:\\\/\\\/clasesbateriaenmadrid.es\\\/\",\"name\":\"Ray Gymenez\",\"description\":\"Teacher\\\/Musician\\\/Composer\",\"potentialAction\":[{\"@type\":\"SearchAction\",\"target\":{\"@type\":\"EntryPoint\",\"urlTemplate\":\"https:\\\/\\\/clasesbateriaenmadrid.es\\\/?s={search_term_string}\"},\"query-input\":{\"@type\":\"PropertyValueSpecification\",\"valueRequired\":true,\"valueName\":\"search_term_string\"}}],\"inLanguage\":\"es\"}]}<\/script>\n<!-- \/ Yoast SEO plugin. -->","yoast_head_json":{"title":"Bio - Ray Gymenez","robots":{"index":"index","follow":"follow","max-snippet":"max-snippet:-1","max-image-preview":"max-image-preview:large","max-video-preview":"max-video-preview:-1"},"canonical":"https:\/\/clasesbateriaenmadrid.es\/es\/bio\/","og_locale":"es_ES","og_type":"article","og_title":"Bio - Ray Gymenez","og_description":"Ray Gymenez I was born in Spain the capital Madrid coming from a musician family background. I started my passion for music from a very early age. My parents andSeguir leyendoBio","og_url":"https:\/\/clasesbateriaenmadrid.es\/es\/bio\/","og_site_name":"Ray Gymenez","article_modified_time":"2022-06-28T14:56:00+00:00","twitter_card":"summary_large_image","twitter_misc":{"Tiempo de lectura":"2 minutos"},"schema":{"@context":"https:\/\/schema.org","@graph":[{"@type":"WebPage","@id":"https:\/\/clasesbateriaenmadrid.es\/bio","url":"https:\/\/clasesbateriaenmadrid.es\/bio","name":"Bio - Ray Gymenez","isPartOf":{"@id":"https:\/\/clasesbateriaenmadrid.es\/#website"},"datePublished":"2019-09-12T10:47:45+00:00","dateModified":"2022-06-28T14:56:00+00:00","breadcrumb":{"@id":"https:\/\/clasesbateriaenmadrid.es\/bio#breadcrumb"},"inLanguage":"es","potentialAction":[{"@type":"ReadAction","target":["https:\/\/clasesbateriaenmadrid.es\/bio"]}]},{"@type":"BreadcrumbList","@id":"https:\/\/clasesbateriaenmadrid.es\/bio#breadcrumb","itemListElement":[{"@type":"ListItem","position":1,"name":"Portada","item":"https:\/\/clasesbateriaenmadrid.es\/"},{"@type":"ListItem","position":2,"name":"Bio"}]},{"@type":"WebSite","@id":"https:\/\/clasesbateriaenmadrid.es\/#website","url":"https:\/\/clasesbateriaenmadrid.es\/","name":"Ray Gymenez","description":"Profesor\/Musico\/Compositor","potentialAction":[{"@type":"SearchAction","target":{"@type":"EntryPoint","urlTemplate":"https:\/\/clasesbateriaenmadrid.es\/?s={search_term_string}"},"query-input":{"@type":"PropertyValueSpecification","valueRequired":true,"valueName":"search_term_string"}}],"inLanguage":"es"}]}},"_links":{"self":[{"href":"https:\/\/clasesbateriaenmadrid.es\/es\/wp-json\/wp\/v2\/pages\/350","targetHints":{"allow":["GET"]}}],"collection":[{"href":"https:\/\/clasesbateriaenmadrid.es\/es\/wp-json\/wp\/v2\/pages"}],"about":[{"href":"https:\/\/clasesbateriaenmadrid.es\/es\/wp-json\/wp\/v2\/types\/page"}],"author":[{"embeddable":true,"href":"https:\/\/clasesbateriaenmadrid.es\/es\/wp-json\/wp\/v2\/users\/1"}],"replies":[{"embeddable":true,"href":"https:\/\/clasesbateriaenmadrid.es\/es\/wp-json\/wp\/v2\/comments?post=350"}],"version-history":[{"count":37,"href":"https:\/\/clasesbateriaenmadrid.es\/es\/wp-json\/wp\/v2\/pages\/350\/revisions"}],"predecessor-version":[{"id":828,"href":"https:\/\/clasesbateriaenmadrid.es\/es\/wp-json\/wp\/v2\/pages\/350\/revisions\/828"}],"wp:attachment":[{"href":"https:\/\/clasesbateriaenmadrid.es\/es\/wp-json\/wp\/v2\/media?parent=350"}],"curies":[{"name":"wp","href":"https:\/\/api.w.org\/{rel}","templated":true}]}}